{"id":177,"date":"2025-05-21T10:02:19","date_gmt":"2025-05-21T10:02:19","guid":{"rendered":"https:\/\/agartharealestate.com\/?page_id=177"},"modified":"2025-07-09T10:48:11","modified_gmt":"2025-07-09T10:48:11","slug":"aviso-legal-y-politica-de-privacidad","status":"publish","type":"page","link":"https:\/\/agartharealestate.com\/en\/aviso-legal-y-politica-de-privacidad\/","title":{"rendered":"Aviso legal y Pol\u00edtica de Privacidad"},"content":{"rendered":"<h1>\n\t\t\tAviso Legal y pol\u00edtica de privacidad\t<\/h1>\n\t<h2>Aviso Legal<\/h2>\n<p>Le agradecemos que hayas decidido visitarnos. Queremos que su experiencia en nuestra Web sea lo mejor posible.<\/p>\n<p>Para acceder a nuestros servicios, declara que <b>es mayor de edad<\/b> y que tiene la capacidad legal suficiente para usar nuestros servicios, de acuerdo con su ley nacional.<\/p>\n<p>El acceso y la navegaci\u00f3n en el sitio web, o el uso de los servicios de este, implican la aceptaci\u00f3n expresa e \u00edntegra de todas y cada una de las presentes Condiciones Generales, incluidas tanto las Condiciones Particulares fijadas para ciertas promociones, as\u00ed como de las Pol\u00edticas de Privacidad y de las Cookies, relacionadas con la normativa vigente en la materia de Protecci\u00f3n de Datos Personales. Por favor, le recomendamos que las lea con atenci\u00f3n para saber qu\u00e9 tipo de datos se recogen a trav\u00e9s de nuestra Web, con qu\u00e9 finalidades y qu\u00e9 derechos relacionados con ello le conciernen.<\/p>\n<p><b>1.- Informaci\u00f3n Legal.<\/b><\/p>\n<p>En cumplimiento de la Ley 34\/2002, de 11 de julio, de Servicios de la Sociedad de la Informaci\u00f3n y del Comercio Electr\u00f3nico, los datos identificativos del titular del Portal Web son:<\/p>\nAgartha Real Estate SL<br \/>\nCalle Prim, 12<br \/>\n28004 Madrid, Madrid, Espa\u00f1a<br \/>\nCIF: B-88193958\n<p>Datos de inscripci\u00f3n en el registro: tomo 38213, folio 105, hoja n\u00famero M-67997, inscripci\u00f3n 1\u00aa.<\/p>\n<p>Para cualquier duda o consulta, puede ponerse en contacto con nosotros a trav\u00e9s del tel\u00e9fono: +34 911 81 83 83, o el e-mail: info@agarthacapital.com.<\/p>\n<p>El acceso a la Web supone la aceptaci\u00f3n expresa del Usuario a las presentes Condiciones Generales de Uso, que podr\u00e1n ser modificadas total o parcialmente o sustituidas por otras, por su titular y en cualquier momento sin previo aviso. Le recomendamos que acceda a las presentes condiciones de vez en cuando para comprobar sus posibles modificaciones, que se publicar\u00e1n en el mismo apartado.<\/p>\n<p><b>2.- Condiciones Generales de Uso.<\/b><\/p>\n<p>Las siguientes Condiciones Generales regulan el uso y acceso al portal Web, cuya finalidad es establecer pautas de buen uso y comportamiento de esta. Agartha Real Estate SL, pone a disposici\u00f3n de los usuarios informaci\u00f3n sobre el uso, los servicios y los contenidos que se alojan en la Web. A trav\u00e9s de \u00e9sta, el Usuario tiene acceso a informaci\u00f3n sobre productos y servicios espec\u00edficos, herramientas y aplicaciones.<\/p>\n<p>Los datos e informaciones sobre productos o servicios, precios y caracter\u00edsticas u otros datos relevantes ofrecidos a trav\u00e9s de la p\u00e1gina web son realizados, proporcionados y actualizados por Proveedores y terceras empresas. Agartha Real Estate S.L. no es, en ning\u00fan caso, responsable de dichos datos e informaciones ni asume ninguna obligaci\u00f3n sobre los mismos.<\/p>\n<p>El Usuario se compromete a hacer un uso adecuado de los contenidos, servicios, aplicaciones y herramientas que est\u00e1n accesibles, con sujeci\u00f3n a la Ley y a las presentes Condiciones Generales de Uso y, en su caso a las Condiciones Particulares que puedan establecerse para el acceso a determinados servicios y aplicaciones, respetando en todo momento a los dem\u00e1s Usuarios de esta.<\/p>\n<p>En caso de incumplimiento total y\/o parcial por el Usuario de las presentes condiciones Generales de Uso, Agartha Real Estate S.L. se reserva el derecho de denegar el acceso a la Web, sin necesidad de previo aviso al Usuario.<\/p>\n<p><b>3.- Obligaciones Generales del Usuario.<\/b><\/p>\n<p>El Usuario, al aceptar las presentes condiciones Generales de Uso, se obliga expresamente a:<\/p>\n<p>&#8211; No realizar ninguna acci\u00f3n destinada perjudicar, bloquear, da\u00f1ar, inutilizar, sobrecargar, de forma temporal o definitiva, las funcionalidades, herramientas, contenidos y\/o la infraestructura de la p\u00e1gina web, de manera que impida su normal utilizaci\u00f3n.<\/p>\n<p>&#8211; Custodiar y mantener la confidencialidad de las claves de acceso asociadas a su nombre de Usuario, siendo responsable de la utilizaci\u00f3n de dichas claves de acceso personales e intransferibles por parte de terceros.<\/p>\n<p>&#8211; No introducir ni realizar contenidos injuriosos o calumniosos, tanto de otros Usuarios como de terceras empresas ajenas a Agartha Real Estate S.L.<\/p>\n<p>&#8211; No utilizar cualquiera de los materiales e informaciones contenidos en este Sitio Web con fines il\u00edcitos y\/o expresamente prohibidos en las presentes Condiciones Generales de Uso, as\u00ed como a las condiciones particulares que, en su caso, se establezcan para determinadas aplicaciones y\/o utilidades y que resulten contrarios a los derechos e intereses de Agartha Real Estate S.L. sus usuarios y\/o terceros.<\/p>\n<p>&#8211; No ofertar ni distribuir productos y servicios, ni realizar publicidad o comunicaciones comerciales no solicitadas a otros Usuarios y visitantes de Agartha Real Estate S.L.<\/p>\n<p>El Usuario responder\u00e1 de los todos los da\u00f1os y perjuicios de toda naturaleza que Agartha Real Estate S.L. o cualquier tercero pueda sufrir como consecuencia del incumplimiento de cualesquiera de las obligaciones a las que queda sometido por virtud de estas \u00abCondiciones Generales de Uso\u00bb o de la ley en relaci\u00f3n con el acceso y\/o utilizaci\u00f3n de la p\u00e1gina.<\/p>\n<p><b>4.- Propiedad Intelectual e Industrial.<\/b><\/p>\n<p>El sitio web, las p\u00e1ginas que comprende y la informaci\u00f3n o elementos contenidos en las mismas (incluyendo textos, documentos, fotograf\u00edas, dibujos, representaciones gr\u00e1ficas, de los que es titular o de los que sean titulares terceros que autorizan al propietario a su utilizaci\u00f3n, entre otros), as\u00ed como logotipos, marcas, nombres comerciales u otros signos distintivos, se encuentran protegidos por derechos de propiedad intelectual y\/o industrial, de los que Agartha Real Estate S.L. es titular o ostenta autorizaci\u00f3n para su utilizaci\u00f3n y comunicaci\u00f3n p\u00fablica de los leg\u00edtimos titulares de las mismas.<\/p>\n<p>El Usuario se obliga a usar los contenidos de forma diligente y correcta, de acuerdo con la ley, la moral y el orden p\u00fablico. Agartha Real Estate S.L. autoriza al Usuario para visualizar la informaci\u00f3n que se contiene en este sitio web, as\u00ed como para efectuar reproducciones privadas (simple actividad de descarga y almacenamiento en sus sistemas inform\u00e1ticos), siempre y cuando los elementos sean destinados \u00fanicamente al uso personal. En ning\u00fan caso, ello significar\u00e1 una autorizaci\u00f3n o licencia sobre los derechos de propiedad de Agartha Real Estate S.L. o de los leg\u00edtimos titulares de las mismas.<\/p>\n<p>El Usuario no est\u00e1 autorizado para proceder a la distribuci\u00f3n, modificaci\u00f3n, cesi\u00f3n o comunicaci\u00f3n p\u00fablica de la informaci\u00f3n contenida en esta Web en cualquier forma y cualquiera que sea su finalidad.<\/p>\n<p><b>5.- Enlaces.<\/b><\/p>\n<p>Las conexiones y enlaces a sitios o p\u00e1ginas Web de terceros se han establecido \u00fanicamente como una utilidad para el Usuario.Agartha Real Estate S.L. no es, en ning\u00fan caso, responsable de las mismas o de su contenido.<\/p>\n<p>Agartha Real Estate S.L.no asume ninguna responsabilidad derivada de la existencia de enlaces entre los contenidos de este sitio y contenidos situados fuera del mismo o de cualquier otra menci\u00f3n de contenidos externos a este sitio. Tales enlaces o menciones tienen una finalidad exclusivamente informativa y, en ning\u00fan caso, implican el apoyo, aprobaci\u00f3n, comercializaci\u00f3n o relaci\u00f3n alguna entre Agartha Real Estate S.L. y las personas o entidades autoras y\/o gestoras de tales contenidos o titulares de los sitios donde se encuentren.<\/p>\n<p>Para realizar enlaces con la p\u00e1gina Web ser\u00e1 necesaria la autorizaci\u00f3n expresa y por escrito de los titulares del portal.<\/p>\n<p><b>6.- Responsabilidad.<\/b><\/p>\n<p>Agartha Real Estate S.L. no garantiza el acceso continuado, ni la correcta visualizaci\u00f3n, descarga o utilidad de los elementos e informaci\u00f3n contenidos en las p\u00e1ginas del portal que pueden verse impedidos, dificultados o interrumpidos por factores o circunstancias fuera de su control o ajenas a su voluntad, ni de aquellos que sean producidos por la existencia de virus inform\u00e1ticos en Internet.<\/p>\n<p>Agartha Real Estate S.L. no asume responsabilidad alguna por da\u00f1os, perjuicios, p\u00e9rdidas, reclamaciones o gastos, producidos por:<\/p>\n<p>(i) Interferencias, interrupciones, fallos, omisiones, retrasos, bloqueos o desconexiones, motivadas por errores en las l\u00edneas y redes de telecomunicaciones o por cualquier otra causa ajena al control de Agartha Real Estate S.L.<\/p>\n<p>(ii) Intromisiones ileg\u00edtimas mediante el uso de programas malignos de cualquier tipo y a trav\u00e9s de cualquier medio de comunicaci\u00f3n, tales como virus inform\u00e1ticos o cualesquiera otros;<\/p>\n<p>(iii) Uso indebido o inadecuado de la p\u00e1gina web de Agartha Real Estate S.L.<\/p>\n<p>(iv) Errores de seguridad o navegaci\u00f3n producidos por un mal funcionamiento del navegador o por el uso de versiones no actualizadas.<\/p>\n<p>Agartha Real Estate S.L. no es responsable ni en ning\u00fan caso responder\u00e1 frente a los usuarios y a terceros sobre actos de cualquier tercero ajeno a Agartha Real Estate S.L. que conlleve o pueda suponer la realizaci\u00f3n de actos de competencia desleal y publicidad il\u00edcita o la infracci\u00f3n de los derechos de propiedad intelectual e industrial, de los secretos empresariales, de compromisos contractuales de cualquier clase, de los derechos al honor, a la intimidad personal y familiar y a la imagen, de los derechos de propiedad y de toda otra naturaleza pertenecientes a un tercero por raz\u00f3n de la transmisi\u00f3n, difusi\u00f3n, almacenamiento, puesta a disposici\u00f3n, recepci\u00f3n, obtenci\u00f3n o acceso a los contenidos.<\/p>\n<p><b>7.- Protecci\u00f3n de Datos de Car\u00e1cter Personal.<\/b><\/p>\n<p>Toda la pol\u00edtica de tratamiento de datos personales la encontrar\u00e1s en la Pol\u00edtica de Privacidad, que forma parte integrante de estas Condiciones Generales pero que, por simplicidad, hemos puesto en un documento aparte: <a href=\"https:\/\/onenext.work\/aviso-legal-y-privacidad\/#politica\" target=\"_blank\" rel=\"noopener\">Pol\u00edtica de Privacidad.<\/a><\/p>\n<p><b>8.- Legislaci\u00f3n.<\/b><\/p>\n<p>El presente Aviso Legal y sus t\u00e9rminos y condiciones se regir\u00e1n e interpretar\u00e1n de acuerdo con la Legislaci\u00f3n Espa\u00f1ola. El usuario, por el solo hecho de acceder a la p\u00e1gina web u obtener la condici\u00f3n de usuario registrado otorga, de forma irrevocable, su consentimiento a que los Tribunales competentes por defecto puedan conocer de cualquier acci\u00f3n judicial derivada de o relacionada con las presentes condiciones, o con su uso de este Sitio o la navegaci\u00f3n realizada por el mismo.<\/p>\n<p>Si alguna cl\u00e1usula o apartado de las presentes Condiciones Generales, que no sea de naturaleza esencial para la existencia del mismo, es declarada nula o inaplicable, la validez de las restantes cl\u00e1usulas no se ver\u00e1 afectada.<\/p>\n<h2>Pol\u00edtica de Privacidad<\/h2>\n<p>La Pol\u00edtica de Privacidad forma parte de las Condiciones Generales que rigen la presente Web.<\/p>\n<p><b>\u00bfQui\u00e9n es el responsable del tratamiento de tus datos?<\/b><\/p>\nAgartha Real Estate SL<br \/>\nCalle Prim, 12<br \/>\n28004 Madrid, Madrid, Espa\u00f1a<br \/>\nCIF: B-88193958\n<p>Tel\u00e9fono: +34 911 81 83 83<\/p>\n<p>Mail contacto ejercicio de derechos: info@agarthacapital.com<\/p>\n<p>Puedes dirigirte de cualquier forma para comunicarte con nosotros.<\/p>\n<p>Nos reservamos el derecho a modificar o adaptar la presente Pol\u00edtica de Privacidad en cualquier momento. Te recomendamos revisar la misma, y si te has registrado y accedes a tu cuenta o perfil, se te informar\u00e1 de las modificaciones.<\/p>\n<p>Si eres alguno de los siguientes colectivos, consulta la informaci\u00f3n desplegable:<\/p>\n<p><b>+ CONTACTOS DE LA WEB O DEL CORREO ELECTR\u00d3NICO<\/b><\/p>\n<p><b>\u00bfQu\u00e9 datos recopilamos a trav\u00e9s de la Web?<\/b><\/p>\n<p>Podemos tratar tu IP, qu\u00e9 sistema operativo o navegador usas, e incluso la duraci\u00f3n de tu visita, de forma an\u00f3nima.<\/p>\n<p>Si nos facilitas datos en el formulario de contacto, te identificar\u00e1s para poder contactar contigo, en caso de que sea necesario.<\/p>\n<p><b>\u00bfCon qu\u00e9 finalidades vamos a tratar sus datos personales?<\/b><\/p>\n<ul>\n<li aria-level=\"1\">Contestar a tus consultas, solicitudes o peticiones.<\/li>\n<li aria-level=\"1\">Gestionar el servicio solicitado, contestar tu solicitud, o tramitar tu petici\u00f3n.<\/li>\n<li aria-level=\"1\">Informaci\u00f3n por medios electr\u00f3nicos, que versen sobre tu solicitud.<\/li>\n<li aria-level=\"1\">Informaci\u00f3n comercial o de eventos por medios electr\u00f3nicos, siempre que exista autorizaci\u00f3n expresa.<\/li>\n<li aria-level=\"1\">Realizar an\u00e1lisis y mejoras en la Web, sobre nuestros productos y servicios.\u00a0 Mejorar nuestra estrategia comercial.<\/li>\n<\/ul>\n<p><b>\u00bfCu\u00e1l es la legitimaci\u00f3n para el tratamiento de tus datos?<\/b><\/p>\n<p>La aceptaci\u00f3n y consentimiento del interesado, otorgado a trav\u00e9s de una acci\u00f3n voluntaria, como en los casos donde para realizar una solicitud sea necesario cumplimentar un formulario y hacer un \u00abclick\u00bb en el bot\u00f3n de enviar, la realizaci\u00f3n del mismo implicar\u00e1 necesariamente que ha sido informado y ha otorgado expresamente su consentimiento al contenido de la cl\u00e1usula anexada a dicho formulario o aceptaci\u00f3n de la pol\u00edtica de privacidad.<\/p>\n<p>Todos nuestros formularios cuentan con el s\u00edmbolo * en los datos obligatorios. Si no facilitas esos campos, o no marcas el checkbox de aceptaci\u00f3n de la pol\u00edtica de privacidad, no se permitir\u00e1 el env\u00edo de la informaci\u00f3n.<\/p>\n<p><b>\u00bfDurante cu\u00e1nto tiempo vamos a mantener los datos personales?<\/b><\/p>\n<p>Hasta la revocaci\u00f3n del consentimiento otorgado.<\/p>\n<p><b>+CLIENTES<\/b><\/p>\n<p><b>\u00bfCon qu\u00e9 finalidades vamos a tratar sus datos personales?<\/b><\/p>\n<ul>\n<li aria-level=\"1\">Elaboraci\u00f3n del presupuesto y seguimiento de este mediante comunicaciones entre ambas partes.<\/li>\n<li aria-level=\"1\">Informaci\u00f3n por medios electr\u00f3nicos, que versen sobre tu solicitud.<\/li>\n<li aria-level=\"1\">Informaci\u00f3n comercial o de eventos por medios electr\u00f3nicos, siempre que exista autorizaci\u00f3n expresa.<\/li>\n<li aria-level=\"1\">Gestionar los servicios administrativos, de comunicaciones y de log\u00edstica realizados por el Responsable.<\/li>\n<li aria-level=\"1\">Facturaci\u00f3n y declaraci\u00f3n de los impuestos oportunos.<\/li>\n<\/ul>\n<ul>\n<li aria-level=\"1\">Realizar las transacciones que correspondan.<\/li>\n<li aria-level=\"1\">Gestiones de control y recobro.<\/li>\n<\/ul>\n<p><b>\u00bfCu\u00e1l es la legitimaci\u00f3n para el tratamiento de tus datos?<\/b><\/p>\n<p>La existencia de una relaci\u00f3n contractual entre las partes. El tratamiento es necesario para la ejecuci\u00f3n de un contrato en el que el interesado es parte o para la aplicaci\u00f3n a petici\u00f3n de este de medidas precontractuales.<\/p>\n<p><b>\u00bfDurante cu\u00e1nto tiempo vamos a mantener los datos personales?<\/b><\/p>\n<p>Durante la vigencia de las relaciones entre las partes y por los plazos de prescripci\u00f3n derivados de las mismas.<\/p>\n<p><b>+PROVEEDORES<\/b><\/p>\n<p><b>\u00bfCon qu\u00e9 finalidades vamos a tratar sus datos personales?<\/b><\/p>\n<ul>\n<li aria-level=\"1\">Informaci\u00f3n por medios electr\u00f3nicos, que versen sobre tu solicitud.<\/li>\n<li aria-level=\"1\">Informaci\u00f3n comercial o de eventos por medios electr\u00f3nicos, siempre que exista autorizaci\u00f3n expresa.<\/li>\n<li aria-level=\"1\">Gestionar los servicios administrativos, de comunicaciones y de log\u00edstica realizados por el Responsable.<\/li>\n<li aria-level=\"1\">Facturaci\u00f3n.<\/li>\n<\/ul>\n<ul>\n<li aria-level=\"1\">Realizar las transacciones que correspondan.<\/li>\n<li aria-level=\"1\">Facturaci\u00f3n y declaraci\u00f3n de los impuestos oportunos.<\/li>\n<li aria-level=\"1\">Gestiones de control y recobro.<\/li>\n<\/ul>\n<p><b>\u00bfCu\u00e1l es la legitimaci\u00f3n para el tratamiento de tus datos?<\/b><\/p>\n<p>La base legal es la aceptaci\u00f3n de una relaci\u00f3n contractual, o en su defecto tu consentimiento al contactar con nosotros u ofrecernos sus productos por alguna v\u00eda.<\/p>\n<p><b>\u00bfDurante cu\u00e1nto tiempo vamos a mantener los datos personales?<\/b><\/p>\n<p>Durante la vigencia de las relaciones entre las partes y por los plazos de prescripci\u00f3n derivados de las mismas.<\/p>\n<p><b>+CONTACTOS REDES SOCIALES<\/b><\/p>\n<p><b>\u00bfCon qu\u00e9 finalidades vamos a tratar sus datos personales?<\/b><\/p>\n<ul>\n<li aria-level=\"1\">Contestar a tus consultas, solicitudes o peticiones.<\/li>\n<li aria-level=\"1\">Gestionar el servicio solicitado, contestar tu solicitud, o tramitar tu petici\u00f3n.<\/li>\n<li aria-level=\"1\">Relacionarnos contigo y crear una comunidad de seguidores.<\/li>\n<\/ul>\n<p><b>\u00bfCu\u00e1l es la legitimaci\u00f3n para el tratamiento de tus datos?<\/b><\/p>\n<p>Las bases que legitiman el tratamiento es el consentimiento voluntario del interesado de ponerse en contacto y, en su caso, la aceptaci\u00f3n de una relaci\u00f3n contractual en el entorno de la red social que corresponda. El tratamiento de los datos dentro de la Red Social se realizar\u00e1 conforme a sus pol\u00edticas de Privacidad.<\/p>\n<p><b>\u00bfDurante cu\u00e1nto tiempo vamos a mantener los datos personales?<\/b><\/p>\n<p>S\u00f3lo podemos consultar o dar de baja tus datos de forma restringida al tener un perfil espec\u00edfico. Los trataremos tanto tiempo como t\u00fa nos dejes sigui\u00e9ndonos, siendo amigos o d\u00e1ndole a \u00abme gusta\u00bb, \u00abseguir\u00bb o botones similares.<\/p>\n<p>Cualquier rectificaci\u00f3n de tus datos o restricci\u00f3n de informaci\u00f3n o de publicaciones debes realizarla a trav\u00e9s de la configuraci\u00f3n de tu perfil o usuario en la propia red social.<\/p>\n<p><b>+ INFORMACI\u00d3N ADICIONAL SOBRE LOS TRATAMIENTOS DE DATOS PERSONALES<\/b><\/p>\n<p><b>\u00bfIncluimos datos personales de terceras personas?<\/b><\/p>\n<p>No, como norma general s\u00f3lo tratamos los datos que nos facilitan los titulares. Si nos aportas datos de terceros, deber\u00e1s con car\u00e1cter previo, informar y solicitar su consentimiento a dichas personas, o de lo contrario nos eximes de cualquier responsabilidad por el incumplimiento de \u00e9ste requisito.<\/p>\n<p><b>\u00bfY datos de menores?<\/b><\/p>\n<p>No tratamos datos de menores de 14 a\u00f1os. Por tanto, abst\u00e9ngase de facilitarlos si no tiene esa edad o, en su caso, de facilitar datos de terceros que no tengan la citada edad. Agartha Real Estate SL. se exime de cualquier responsabilidad por el incumplimiento de esta previsi\u00f3n.<\/p>\n<p><b>\u00bfRealizaremos comunicaciones por medios electr\u00f3nicos?<\/b><\/p>\n<ul>\n<li aria-level=\"1\">S\u00f3lo se realizar\u00e1n para gestionar tu solicitud, si es uno de los medios de contacto que nos ha facilitado.<\/li>\n<li aria-level=\"1\">Si realizamos comunicaciones comerciales habr\u00e1n sido previa y expresamente autorizadas por ti.<\/li>\n<\/ul>\n<p><b>\u00bfQu\u00e9 medidas de seguridad aplicamos?<\/b><\/p>\n<p>Puedes estar tranquilo: Hemos adoptado un nivel \u00f3ptimo de protecci\u00f3n de los Datos Personales que manejamos, y hemos instalado todos los medios y medidas t\u00e9cnicas a nuestra disposici\u00f3n seg\u00fan el estado de la tecnolog\u00eda para evitar la p\u00e9rdida, mal uso, alteraci\u00f3n, acceso no autorizado y robo de los Datos Personales.<\/p>\n<p><b>\u00bfA qu\u00e9 destinatarios se comunicar\u00e1n tus datos?<\/b><\/p>\n<p>Tus datos no se ceder\u00e1n a terceros, salvo obligaci\u00f3n legal. En concreto se comunicar\u00e1n a la Agencia Estatal de la Administraci\u00f3n Tributaria y a bancos y entidades financieras para el cobro del servicio prestado o producto adquirido Como a los encargados del tratamiento necesarios para la ejecuci\u00f3n del acuerdo.<\/p>\n<p>En caso de compra o pago, si eliges alguna aplicaci\u00f3n, web, plataforma, tarjeta bancaria, o alg\u00fan otro servicio online, tus datos se ceder\u00e1n a esa plataforma o se tratar\u00e1n en su entorno, siempre con la m\u00e1xima seguridad.<\/p>\n<p>Cuando se lo ordenemos, tendr\u00e1n acceso a nuestra web la empresa de desarrollo y mantenimiento web, alojamiento web\/hosting. Las mismas tendr\u00e1n firmado un contrato de prestaci\u00f3n de servicios que les obliga a mantener el mismo nivel de privacidad que nosotros.<\/p>\n<p><b>\u00bfQu\u00e9 Derechos tienes?<\/b><\/p>\n<ul>\n<li aria-level=\"1\">A conocer si estamos tratando tus datos o no.<\/li>\n<li aria-level=\"1\">A acceder a tus datos personales.<\/li>\n<li aria-level=\"1\">A solicitar la rectificaci\u00f3n de tus datos si son inexactos.<\/li>\n<li aria-level=\"1\">A solicitar la supresi\u00f3n de tus datos si ya no son necesarios para los fines para los que fueron recogidos o si nos retiras el consentimiento otorgado.<\/li>\n<li aria-level=\"1\">A solicitar la limitaci\u00f3n del tratamiento de sus datos, en algunos supuestos, en cuyo caso s\u00f3lo los conservaremos de acuerdo con la normativa vigente.<\/li>\n<li aria-level=\"1\">A portar tus datos, que te ser\u00e1n facilitados en un formato estructurado, de uso com\u00fan o lectura mec\u00e1nica. Si lo prefieres, se los podemos enviar al nuevo responsable que nos designes. S\u00f3lo es v\u00e1lido en determinados supuestos.<\/li>\n<li aria-level=\"1\">A presentar una reclamaci\u00f3n ante la Agencia Espa\u00f1ola de Protecci\u00f3n de Datos o autoridad de control competente, si crees que no te hemos atendido correctamente.<\/li>\n<li aria-level=\"1\">A revocar el consentimiento para cualquier tratamiento para el que hayas consentido, en cualquier momento.<\/li>\n<\/ul>\n<p>Si modificas alg\u00fan dato, te agradecemos que nos lo comuniques para mantenerlos actualizados.<\/p>\n<p><b>\u00bfQuieres un formulario para el ejercicio de Derechos?<\/b><\/p>\n<ul>\n<li aria-level=\"1\">Tenemos formularios para el ejercicio de tus derechos, p\u00eddenoslos por email o si lo prefieres, puedes usar los elaborados por la Agencia Espa\u00f1ola de Protecci\u00f3n de Datos o terceros.<\/li>\n<li aria-level=\"1\">Estos formularios deben ir firmados electr\u00f3nicamente o ser acompa\u00f1ados de fotocopia del DNI, que destruiremos una vez verificada la identidad.<\/li>\n<li aria-level=\"1\">Si te representa alguien, debes adjuntarnos copia de su DNI, o que lo firme con su firma electr\u00f3nica.<\/li>\n<li aria-level=\"1\">Los formularios pueden ser presentados presencialmente, enviados por carta o por mail en la direcci\u00f3n del Responsable al inicio de este texto.<\/li>\n<\/ul>\n<p><b>\u00bfCu\u00e1nto tardamos en contestarte al Ejercicio de Derechos?<\/b><\/p>\n<p>Depende del derecho, pero como m\u00e1ximo en un mes desde tu solicitud, y dos meses si el tema es muy complejo y te notificamos que necesitamos m\u00e1s tiempo.<\/p>\n<p><b>\u00bfTratamos cookies?<\/b><\/p>\n<p>Si usamos otro tipo de cookies que no sean las necesarias, podr\u00e1s consultar la pol\u00edtica de cookies en el enlace correspondiente desde el pie de nuestra web.<\/p>\n<p>&nbsp;<\/p>","protected":false},"excerpt":{"rendered":"<p>Aviso Legal y pol\u00edtica de privacidad Aviso Legal Le agradecemos que hayas decidido visitarnos. Queremos que su experiencia en nuestra Web sea lo mejor posible. Para acceder a nuestros servicios, declara que es mayor de edad y que tiene la capacidad legal suficiente para usar nuestros servicios, de acuerdo con su ley nacional. El acceso&hellip;<\/p>","protected":false},"author":1,"featured_media":0,"parent":0,"menu_order":0,"comment_status":"closed","ping_status":"closed","template":"","meta":{"footnotes":""},"class_list":["post-177","page","type-page","status-publish","hentry"],"_links":{"self":[{"href":"https:\/\/agartharealestate.com\/en\/wp-json\/wp\/v2\/pages\/177","targetHints":{"allow":["GET"]}}],"collection":[{"href":"https:\/\/agartharealestate.com\/en\/wp-json\/wp\/v2\/pages"}],"about":[{"href":"https:\/\/agartharealestate.com\/en\/wp-json\/wp\/v2\/types\/page"}],"author":[{"embeddable":true,"href":"https:\/\/agartharealestate.com\/en\/wp-json\/wp\/v2\/users\/1"}],"replies":[{"embeddable":true,"href":"https:\/\/agartharealestate.com\/en\/wp-json\/wp\/v2\/comments?post=177"}],"version-history":[{"count":10,"href":"https:\/\/agartharealestate.com\/en\/wp-json\/wp\/v2\/pages\/177\/revisions"}],"predecessor-version":[{"id":283,"href":"https:\/\/agartharealestate.com\/en\/wp-json\/wp\/v2\/pages\/177\/revisions\/283"}],"wp:attachment":[{"href":"https:\/\/agartharealestate.com\/en\/wp-json\/wp\/v2\/media?parent=177"}],"curies":[{"name":"wp","href":"https:\/\/api.w.org\/{rel}","templated":true}]}}